{"id":415,"date":"2025-02-12T13:06:03","date_gmt":"2025-02-12T13:06:03","guid":{"rendered":"https:\/\/www.doflase.sk\/subory-cookies\/"},"modified":"2025-02-13T08:34:47","modified_gmt":"2025-02-13T08:34:47","slug":"subory-cookies","status":"publish","type":"page","link":"https:\/\/www.doflase.sk\/cs\/subory-cookies\/","title":{"rendered":"Soubory Cookies"},"content":{"rendered":"<p>Abychom zajistili spr\u00e1vn\u00e9 fungov\u00e1n\u00ed tohoto webu, n\u011bkdy do va\u0161eho za\u0159\u00edzen\u00ed ukl\u00e1d\u00e1me mal\u00e9 datov\u00e9 soubory, t.j. cookie. Je to b\u011b\u017en\u00e1 praxe v\u011bt\u0161iny velk\u00fdch webov\u00fdch str\u00e1nek.<\/p>\n\n\n\n<h4 class=\"wp-block-heading\">&nbsp;<strong>Co jsou soubory cookies?<\/strong><\/h4>\n\n\n\n<p>Soubor cookie je mal\u00fd textov\u00fd soubor, kter\u00fd web p\u0159i proch\u00e1zen\u00ed ukl\u00e1d\u00e1 na va\u0161em po\u010d\u00edta\u010di nebo mobiln\u00edm za\u0159\u00edzen\u00ed. D\u00edky tomuto souboru web ponech\u00e1v\u00e1 informace o va\u0161ich kroc\u00edch a preferenc\u00edch po ur\u010ditou dobu (nap\u0159\u00edklad n\u00e1zev p\u0159ihl\u00e1\u0161en\u00ed, jazyk, velikost p\u00edsma a dal\u0161\u00ed nastaven\u00ed zobrazen\u00ed), tak\u017ee je nemus\u00edte p\u0159i dal\u0161\u00ed n\u00e1v\u0161t\u011bv\u011b webu nebo p\u0159i prohl\u00ed\u017een\u00ed jednotliv\u00fdch str\u00e1nek op\u011btovn\u011b uv\u00e1d\u011bt.<\/p>\n\n\n\n<h4 class=\"wp-block-heading\">&nbsp;<strong>Jak pou\u017e\u00edvame soubory cookies?<\/strong><\/h4>\n\n\n\n<p>Tyto webov\u00e9 str\u00e1nky pou\u017e\u00edvaj\u00ed soubory cookie ke shroma\u017e\u010fov\u00e1n\u00ed anonymn\u00edch statistick\u00fdch informac\u00ed o n\u00e1v\u0161t\u011bvn\u00edc\u00edch, zapamatov\u00e1n\u00ed u\u017eivatelsk\u00fdch nastaven\u00ed, k lep\u0161\u00edmu p\u0159izp\u016fsoben\u00ed reklam va\u0161ich n\u00e1v\u0161t\u011bvn\u00edk\u016f a nezbytnou funk\u010dnost webov\u00fdch str\u00e1nek. Soubory cookie nebudou pou\u017eity pro jin\u00fd \u00fa\u010del, ne\u017e je uvedeno. Tyto informace se pou\u017e\u00edvaj\u00ed ke zlep\u0161en\u00ed slu\u017eeb, jako nap\u0159\u00edklad:<\/p>\n\n\n\n<ul class=\"wp-block-list\">\n<li>Umo\u017en\u011bn\u00ed slu\u017eby rozpoznat va\u0161e za\u0159\u00edzen\u00ed, abyste b\u011bhem jednoho \u00fakolu nemuseli n\u011bkolikr\u00e1t poskytovat stejn\u00e9 informace<\/li>\n\n\n\n<li>\u017ee jste ji\u017e zadali u\u017eivatelsk\u00e9 jm\u00e9no a heslo, tak\u017ee to nemus\u00edte d\u011blat pro ka\u017ed\u00fa po\u017eadovan\u00fa web str\u00e1nku (plat\u00ed pro registraci)<\/li>\n\n\n\n<li>M\u011b\u0159en\u00ed, kolik lid\u00ed pou\u017e\u00edv\u00e1 slu\u017eby, aby se mohli snadn\u011bji pou\u017e\u00edvat a je tady dostate\u010dn\u00e1 kapacita, aby byly rychl\u00e9<\/li>\n<\/ul>\n\n\n\n<h4 class=\"wp-block-heading\"><strong>Jak kontrolovat soubory cookies<\/strong><\/h4>\n\n\n\n<p>Cookies lze zkontrolovat a\/nebo smazat podle va\u0161eho uv\u00e1\u017een\u00ed - pod\u00edvejte se na podrobnosti na aboutcookies.org. V\u0161echny soubory cookie ulo\u017een\u00fdch v po\u010d\u00edta\u010di m\u016f\u017eete smazat a m\u016f\u017eete nastavit v\u011bt\u0161inu prohl\u00ed\u017ee\u010d\u016f, abyste jim zabr\u00e1nili v jejich ulo\u017een\u00ed. V tomto p\u0159\u00edpad\u011b v\u0161ak budete pravd\u011bpodobn\u011b muset ru\u010dn\u011b upravit n\u011bkter\u00e1 nastaven\u00ed a n\u011bkter\u00e9 slu\u017eby a funkce p\u0159i ka\u017ed\u00e9 n\u00e1v\u0161t\u011bv\u011b webov\u00fdch str\u00e1nek.<\/p>\n\n\n\n<h4 class=\"wp-block-heading\"><strong>Jak\u00a0d\u011bl\u00edme cookies<\/strong><\/h4>\n\n\n\n<h5 class=\"wp-block-heading\"><strong>Soubory cookies \u201eprvn\u00ed strany\u201c<\/strong><\/h5>\n\n\n\n<p>Soubory cookie \"prvn\u00ed strany\" jsou soubory cookie, kter\u00e9 jsou nastaveny na tomto webu.Ty byly rozd\u011bleny do dvou n\u00ed\u017ee uveden\u00fdch kategori\u00ed.<\/p>\n\n\n\n<h6 class=\"wp-block-heading\"><strong>Nevyhnutn\u00e9 cookies<\/strong><\/h6>\n\n\n\n<p>Jsou to cookies, kter\u00e9 jsou pot\u0159ebn\u00e9 pro spr\u00e1vn\u00e9 zobrazen\u00ed a fungov\u00e1n\u00ed na\u0161ich webov\u00fdch str\u00e1nek.<\/p>\n\n\n\n<h6 class=\"wp-block-heading\"><strong>Funk\u010dn\u00ed cookies<\/strong><\/h6>\n\n\n\n<p>Jedn\u00e1 se o soubory cookie, kter\u00e9 zlep\u0161uj\u00ed funk\u010dnost webu automaticky ukl\u00e1d\u00e1n\u00edm vybran\u00fdch preferenc\u00ed.<\/p>\n\n\n\n<h5 class=\"wp-block-heading\"><strong>Soub<\/strong><strong>ory cookies t\u0159et\u00ed strany<\/strong><\/h5>\n\n\n\n<p>Soubory t\u0159et\u00edch stran jsou soubory cookie, kter\u00e9 jsou nastaveny na jin\u00fdch webov\u00fdch str\u00e1nk\u00e1ch.Ty byly rozd\u011bleny do n\u00ed\u017ee uveden\u00e9 kategorie.<\/p>\n\n\n\n<h6 class=\"wp-block-heading\"><strong>Analytick\u00e9 a soci\u00e1ln\u00ed m\u00e9dia cookies<\/strong><\/h6>\n\n\n\n<p>Tyto soubory cookie umo\u017e\u0148uj\u00ed slu\u017eb\u00e1m, jako je Google Analytics, shroma\u017e\u010fovat informace o tom, jak u\u017eivatel\u00e9 tuto str\u00e1nku pou\u017e\u00edvaj\u00ed.Osobn\u00ed \u00fadaje nejsou v tomto p\u0159\u00edpad\u011b ulo\u017eeny (nap\u0159. Va\u0161e jm\u00e9no nebo adresa), tak\u017ee tyto informace nelze pou\u017e\u00edt k identifikaci, kdo jste.<\/p>","protected":false},"excerpt":{"rendered":"<p>S cie\u013eom zabezpe\u010di\u0165 riadne fungovanie tejto webovej lokality uklad\u00e1me niekedy na va\u0161om zariaden\u00ed mal\u00e9 d\u00e1tov\u00e9 s\u00fabory, tzv. cookie. Je to be\u017en\u00e1 prax v\u00e4\u010d\u0161iny ve\u013ek\u00fdch webov\u00fdch lokal\u00edt. &nbsp;\u010co s\u00fa s\u00fabory cookies? S\u00fabor cookie je mal\u00fd textov\u00fd s\u00fabor, ktor\u00fd webov\u00e1 lokalita uklad\u00e1 vo va\u0161om po\u010d\u00edta\u010di alebo mobilnom zariaden\u00ed pri jej prehliadan\u00ed. V\u010faka tomuto s\u00faboru si webov\u00e1 lokalita [&hellip;]<\/p>","protected":false},"author":1,"featured_media":0,"parent":0,"menu_order":0,"comment_status":"closed","ping_status":"closed","template":"","meta":{"_citadela_hide_page_title":"","_citadela_remove_header_space":"","_citadela_custom_class":"","_citadela_half_map_provider":"","_citadela_half_map_theme":"","_citadela_half_map_themeOSM":"","_citadela_half_map_customTheme":"","_citadela_half_map_dataType":"","_citadela_half_map_dynamicTrack":false,"_citadela_half_map_trackColor":"","_citadela_half_map_trackEndpointsColor":"","_citadela_half_map_filterCategory":"","_citadela_half_map_filterLocation":"","_citadela_half_map_filterFeatured":false,"_citadela_half_map_noDataBehavior":"empty-map","_citadela_half_map_noDataText":"","_citadela_half_map_clusterGridSize":80,"_citadela_header":false,"_citadela_header_over_content":false,"_citadela_header_text_color":"","_citadela_header_logo":[],"_citadela_header_bg_image":[],"_citadela_header_bg_position":[],"_citadela_header_bg_size":"","_citadela_header_bg_repeat":"","_citadela_header_bg_fixed":false,"_citadela_header_bg_color":"","_citadela_header_bg_image_overlay":"","_citadela_header_transparent_bg":false,"_citadela_content_width":"","_citadela_half_layout_position":"","footnotes":""},"class_list":["post-415","page","type-page","status-publish","hentry"],"yoast_head":"<!-- This site is optimized with the Yoast SEO plugin v25.3.1 - https:\/\/yoast.com\/wordpress\/plugins\/seo\/ -->\n<title>S\u00fabory Cookies - Doflase<\/title>\n<meta name=\"robots\" content=\"index, follow, max-snippet:-1, max-image-preview:large, max-video-preview:-1\" \/>\n<link rel=\"canonical\" href=\"https:\/\/www.doflase.sk\/cs\/subory-cookies\/\" \/>\n<meta property=\"og:locale\" content=\"cs_CZ\" \/>\n<meta property=\"og:type\" content=\"article\" \/>\n<meta property=\"og:title\" content=\"S\u00fabory Cookies - Doflase\" \/>\n<meta property=\"og:description\" content=\"S cie\u013eom zabezpe\u010di\u0165 riadne fungovanie tejto webovej lokality uklad\u00e1me niekedy na va\u0161om zariaden\u00ed mal\u00e9 d\u00e1tov\u00e9 s\u00fabory, tzv. cookie. Je to be\u017en\u00e1 prax v\u00e4\u010d\u0161iny ve\u013ek\u00fdch webov\u00fdch lokal\u00edt. &nbsp;\u010co s\u00fa s\u00fabory cookies? S\u00fabor cookie je mal\u00fd textov\u00fd s\u00fabor, ktor\u00fd webov\u00e1 lokalita uklad\u00e1 vo va\u0161om po\u010d\u00edta\u010di alebo mobilnom zariaden\u00ed pri jej prehliadan\u00ed. V\u010faka tomuto s\u00faboru si webov\u00e1 lokalita [&hellip;]\" \/>\n<meta property=\"og:url\" content=\"https:\/\/www.doflase.sk\/cs\/subory-cookies\/\" \/>\n<meta property=\"og:site_name\" content=\"Doflase\" \/>\n<meta property=\"article:modified_time\" content=\"2025-02-13T08:34:47+00:00\" \/>\n<meta name=\"twitter:card\" content=\"summary_large_image\" \/>\n<meta name=\"twitter:label1\" content=\"Odhadovan\u00e1 doba \u010dten\u00ed\" \/>\n\t<meta name=\"twitter:data1\" content=\"3 minuty\" \/>\n<script type=\"application\/ld+json\" class=\"yoast-schema-graph\">{\"@context\":\"https:\/\/schema.org\",\"@graph\":[{\"@type\":\"WebPage\",\"@id\":\"https:\/\/www.doflase.sk\/subory-cookies\/\",\"url\":\"https:\/\/www.doflase.sk\/subory-cookies\/\",\"name\":\"S\u00fabory Cookies - Doflase\",\"isPartOf\":{\"@id\":\"https:\/\/www.doflase.sk\/#website\"},\"datePublished\":\"2025-02-12T13:06:03+00:00\",\"dateModified\":\"2025-02-13T08:34:47+00:00\",\"breadcrumb\":{\"@id\":\"https:\/\/www.doflase.sk\/subory-cookies\/#breadcrumb\"},\"inLanguage\":\"cs\",\"potentialAction\":[{\"@type\":\"ReadAction\",\"target\":[\"https:\/\/www.doflase.sk\/subory-cookies\/\"]}]},{\"@type\":\"BreadcrumbList\",\"@id\":\"https:\/\/www.doflase.sk\/subory-cookies\/#breadcrumb\",\"itemListElement\":[{\"@type\":\"ListItem\",\"position\":1,\"name\":\"Domovsk\u00e1 str\u00e1nka\",\"item\":\"https:\/\/www.doflase.sk\/\"},{\"@type\":\"ListItem\",\"position\":2,\"name\":\"S\u00fabory Cookies\"}]},{\"@type\":\"WebSite\",\"@id\":\"https:\/\/www.doflase.sk\/#website\",\"url\":\"https:\/\/www.doflase.sk\/\",\"name\":\"Doflase\",\"description\":\"\",\"publisher\":{\"@id\":\"https:\/\/www.doflase.sk\/#organization\"},\"potentialAction\":[{\"@type\":\"SearchAction\",\"target\":{\"@type\":\"EntryPoint\",\"urlTemplate\":\"https:\/\/www.doflase.sk\/?s={search_term_string}\"},\"query-input\":{\"@type\":\"PropertyValueSpecification\",\"valueRequired\":true,\"valueName\":\"search_term_string\"}}],\"inLanguage\":\"cs\"},{\"@type\":\"Organization\",\"@id\":\"https:\/\/www.doflase.sk\/#organization\",\"name\":\"ACW MARKO, S.R.O.,\",\"url\":\"https:\/\/www.doflase.sk\/\",\"logo\":{\"@type\":\"ImageObject\",\"inLanguage\":\"cs\",\"@id\":\"https:\/\/www.doflase.sk\/#\/schema\/logo\/image\/\",\"url\":\"https:\/\/www.doflase.sk\/wp-content\/uploads\/2025\/01\/cropped-logo-kvietok-ramcek.png\",\"contentUrl\":\"https:\/\/www.doflase.sk\/wp-content\/uploads\/2025\/01\/cropped-logo-kvietok-ramcek.png\",\"width\":793,\"height\":793,\"caption\":\"ACW MARKO, S.R.O.,\"},\"image\":{\"@id\":\"https:\/\/www.doflase.sk\/#\/schema\/logo\/image\/\"}}]}<\/script>\n<!-- \/ Yoast SEO plugin. -->","yoast_head_json":{"title":"S\u00fabory Cookies - Doflase","robots":{"index":"index","follow":"follow","max-snippet":"max-snippet:-1","max-image-preview":"max-image-preview:large","max-video-preview":"max-video-preview:-1"},"canonical":"https:\/\/www.doflase.sk\/cs\/subory-cookies\/","og_locale":"cs_CZ","og_type":"article","og_title":"S\u00fabory Cookies - Doflase","og_description":"S cie\u013eom zabezpe\u010di\u0165 riadne fungovanie tejto webovej lokality uklad\u00e1me niekedy na va\u0161om zariaden\u00ed mal\u00e9 d\u00e1tov\u00e9 s\u00fabory, tzv. cookie. Je to be\u017en\u00e1 prax v\u00e4\u010d\u0161iny ve\u013ek\u00fdch webov\u00fdch lokal\u00edt. &nbsp;\u010co s\u00fa s\u00fabory cookies? S\u00fabor cookie je mal\u00fd textov\u00fd s\u00fabor, ktor\u00fd webov\u00e1 lokalita uklad\u00e1 vo va\u0161om po\u010d\u00edta\u010di alebo mobilnom zariaden\u00ed pri jej prehliadan\u00ed. V\u010faka tomuto s\u00faboru si webov\u00e1 lokalita [&hellip;]","og_url":"https:\/\/www.doflase.sk\/cs\/subory-cookies\/","og_site_name":"Doflase","article_modified_time":"2025-02-13T08:34:47+00:00","twitter_card":"summary_large_image","twitter_misc":{"Odhadovan\u00e1 doba \u010dten\u00ed":"3 minuty"},"schema":{"@context":"https:\/\/schema.org","@graph":[{"@type":"WebPage","@id":"https:\/\/www.doflase.sk\/subory-cookies\/","url":"https:\/\/www.doflase.sk\/subory-cookies\/","name":"S\u00fabory Cookies - Doflase","isPartOf":{"@id":"https:\/\/www.doflase.sk\/#website"},"datePublished":"2025-02-12T13:06:03+00:00","dateModified":"2025-02-13T08:34:47+00:00","breadcrumb":{"@id":"https:\/\/www.doflase.sk\/subory-cookies\/#breadcrumb"},"inLanguage":"cs","potentialAction":[{"@type":"ReadAction","target":["https:\/\/www.doflase.sk\/subory-cookies\/"]}]},{"@type":"BreadcrumbList","@id":"https:\/\/www.doflase.sk\/subory-cookies\/#breadcrumb","itemListElement":[{"@type":"ListItem","position":1,"name":"Domovsk\u00e1 str\u00e1nka","item":"https:\/\/www.doflase.sk\/"},{"@type":"ListItem","position":2,"name":"S\u00fabory Cookies"}]},{"@type":"WebSite","@id":"https:\/\/www.doflase.sk\/#website","url":"https:\/\/www.doflase.sk\/","name":"Doflase","description":"","publisher":{"@id":"https:\/\/www.doflase.sk\/#organization"},"potentialAction":[{"@type":"SearchAction","target":{"@type":"EntryPoint","urlTemplate":"https:\/\/www.doflase.sk\/?s={search_term_string}"},"query-input":{"@type":"PropertyValueSpecification","valueRequired":true,"valueName":"search_term_string"}}],"inLanguage":"cs"},{"@type":"Organization","@id":"https:\/\/www.doflase.sk\/#organization","name":"ACW MARKO, S.R.O.,","url":"https:\/\/www.doflase.sk\/","logo":{"@type":"ImageObject","inLanguage":"cs","@id":"https:\/\/www.doflase.sk\/#\/schema\/logo\/image\/","url":"https:\/\/www.doflase.sk\/wp-content\/uploads\/2025\/01\/cropped-logo-kvietok-ramcek.png","contentUrl":"https:\/\/www.doflase.sk\/wp-content\/uploads\/2025\/01\/cropped-logo-kvietok-ramcek.png","width":793,"height":793,"caption":"ACW MARKO, S.R.O.,"},"image":{"@id":"https:\/\/www.doflase.sk\/#\/schema\/logo\/image\/"}}]}},"_links":{"self":[{"href":"https:\/\/www.doflase.sk\/cs\/wp-json\/wp\/v2\/pages\/415","targetHints":{"allow":["GET"]}}],"collection":[{"href":"https:\/\/www.doflase.sk\/cs\/wp-json\/wp\/v2\/pages"}],"about":[{"href":"https:\/\/www.doflase.sk\/cs\/wp-json\/wp\/v2\/types\/page"}],"author":[{"embeddable":true,"href":"https:\/\/www.doflase.sk\/cs\/wp-json\/wp\/v2\/users\/1"}],"replies":[{"embeddable":true,"href":"https:\/\/www.doflase.sk\/cs\/wp-json\/wp\/v2\/comments?post=415"}],"version-history":[{"count":0,"href":"https:\/\/www.doflase.sk\/cs\/wp-json\/wp\/v2\/pages\/415\/revisions"}],"wp:attachment":[{"href":"https:\/\/www.doflase.sk\/cs\/wp-json\/wp\/v2\/media?parent=415"}],"curies":[{"name":"wp","href":"https:\/\/api.w.org\/{rel}","templated":true}]}}